{"id":5794,"date":"2023-10-19T17:06:24","date_gmt":"2023-10-19T15:06:24","guid":{"rendered":"https:\/\/monarkaconsortium.com\/politica-privacidad\/"},"modified":"2024-04-18T18:49:55","modified_gmt":"2024-04-18T16:49:55","slug":"politica-privacitat","status":"publish","type":"page","link":"https:\/\/monarkaconsortium.com\/es\/politica-privacitat\/","title":{"rendered":"Av\u00eds legal i Pol\u00edtica de privacitat"},"content":{"rendered":"<section data-bb-version=\"4.8.4\" id=\"bt_bb_section69fb020f8d6da\" class=\"bt_bb_section bt_bb_layout_boxed_1200\"  data-bt-override-class=\"null\"><div class=\"bt_bb_port\"><div class=\"bt_bb_cell\"><div class=\"bt_bb_cell_inner\"><div class=\"bt_bb_row \"  data-bt-override-class=\"{}\"><div class=\"bt_bb_row_holder\" ><div data-bb-version=\"4.8.4\"  class=\"bt_bb_column col-xxl-12 col-xl-12 col-xs-12 col-sm-12 col-md-12 col-lg-12 bt_bb_vertical_align_top bt_bb_align_left bt_bb_padding_normal\" style=\"; --column-width:12;\" data-width=\"12\" data-bt-override-class=\"{}\"><div class=\"bt_bb_column_content\"><div class=\"bt_bb_column_content_inner\"><div data-bb-version=\"4.8.4\"  class=\"bt_bb_text\" ><\/p>\n<p><strong>DATOS PERSONALES<\/strong><\/p>\n<p>Protecci\u00f3n Datos Personales<br \/>\nEn este sitio web no se recoge ning\u00fan dato personal sin el consentimiento del cliente. Los datos personales que el cliente facilita no se ceden ni se venden a terceros. Los datos que se solicitan son los estrictamente necesarios e imprescindibles para poder proporcionar una respuesta o prestaci\u00f3n de servicio al cliente.<\/p>\n<p><strong>Derechos De El usuario<\/strong><br \/>\nLos datos personales recogidos en esta Web se tratar\u00e1n \u00fanica y exclusivamente con la finalidad descrita en la Protecci\u00f3n de datos personales y no se utilizar\u00e1n para ninguna otra finalidad. En cualquier momento, los usuarios pueden ejercer sus derechos de acceso, oposici\u00f3n, correcci\u00f3n y supresi\u00f3n de sus datos de car\u00e1cter personal. Estos derechos los puede ejercer el usuario ante el responsable del tratamiento de los datos, mediante una solicitud por carta o correo electr\u00f3nico en el domicilio social de la empresa:<\/p>\n<p><strong>Grupo Monarca<\/strong><br \/>\n<strong>Prat de la Creu, 59-65<\/strong><br \/>\n<strong>Andorra la Vella. AD500. ANDORRA.<\/strong><br \/>\n<strong>Tel. 00376376999<\/strong><br \/>\n<strong>Correo electr\u00f3nico: info@grupmonarca.com<\/strong><\/p>\n<p>Grup Monarca se reserva el derecho en todo momento de modificar los datos de la p\u00e1gina web mediante la actualizaci\u00f3n de la misma. Grup Monarca no podr\u00e1 ser considerado responsable por cualquier da\u00f1o, directa o indirectamente, que resulte de alguna informaci\u00f3n de contenidos en la web. El usuario se compromete a no utilizar en esta p\u00e1gina web, informaci\u00f3n que pueda comportar responsabilidad civil o penal, comprometi\u00e9ndose asimismo a no difundir a trav\u00e9s de la p\u00e1gina web informaci\u00f3n ilegal, contraria al orden p\u00fablico o difamatoria.<\/p>\n<p><strong>Legislaci\u00f3n aplicable y jurisdicci\u00f3n<\/strong><br \/>\nLos T\u00e9rminos y Condiciones se regir\u00e1n por la legislaci\u00f3n andorrana.<br \/>\nLos usuarios de este sitio web se someten a la jurisdicci\u00f3n andorrana, con renuncia expresa a cualquier otro fuero que, conforme a Derecho, pudiera corresponderles.<\/p>\n<p>El usuario se obliga a hacer un uso correcto del Portal y sus contenidos de conformidad con la Ley y el presente Aviso Legal. El usuario responder\u00e1 frente a Grup Monarca, de cualquier da\u00f1o y perjuicio que pueda causar como consecuencia del incumplimiento de esta obligaci\u00f3n.<\/p>\n<p>Queda expresamente prohibido el uso del Portal con fines lesivos hacia los bienes o intereses de GRUPO MONARCA o que de cualquier otra forma sobrecarguen, da\u00f1en o inutilicen las redes, servidores y otros equipos inform\u00e1ticos o productos y aplicaciones inform\u00e1ticas de GRUPO MONARCA.<\/p>\n<p>Con car\u00e1cter enunciativo y en modo alguno limitativo, el usuario, de acuerdo con la legislaci\u00f3n vigente, deber\u00e1 abstenerse de reproducir, copiar, distribuir, poner a disposici\u00f3n, comunicar p\u00fablicamente, transformar o modificar los contenidos excepto en los casos autorizados en la ley o expresamente consentidos por GRUPO MONARCA<\/p>\n<p>Todo el contenido que pueda ser descargado del Portal de GRUPO MONARCA es para uso personal y, no puede ser utilizado para otros fines, cualquiera que sean, ni cedido a terceros.<\/p>\n<p>E-mail: info@grupmonarca.com<\/p>\n<p>\n<\/div><\/div><\/div><\/div><\/div><\/div><\/div><!-- cell_inner --><\/div><!-- cell --><\/div><!-- port --><\/section>\n","protected":false},"excerpt":{"rendered":"","protected":false},"author":1,"featured_media":0,"parent":0,"menu_order":0,"comment_status":"closed","ping_status":"open","template":"","meta":{"footnotes":""},"class_list":["post-5794","page","type-page","status-publish","hentry"],"yoast_head":"<!-- This site is optimized with the Yoast SEO plugin v26.0 - https:\/\/yoast.com\/wordpress\/plugins\/seo\/ -->\n<title>Av\u00eds legal i Pol\u00edtica de privacitat - Monarka Consortium<\/title>\n<meta name=\"robots\" content=\"index, follow, max-snippet:-1, max-image-preview:large, max-video-preview:-1\" \/>\n<link rel=\"canonical\" href=\"https:\/\/monarkaconsortium.com\/es\/politica-privacitat\/\" \/>\n<meta property=\"og:locale\" content=\"es_ES\" \/>\n<meta property=\"og:type\" content=\"article\" \/>\n<meta property=\"og:title\" content=\"Av\u00eds legal i Pol\u00edtica de privacitat - Monarka Consortium\" \/>\n<meta property=\"og:url\" content=\"https:\/\/monarkaconsortium.com\/es\/politica-privacitat\/\" \/>\n<meta property=\"og:site_name\" content=\"Monarka Consortium\" \/>\n<meta property=\"article:modified_time\" content=\"2024-04-18T16:49:55+00:00\" \/>\n<meta name=\"twitter:card\" content=\"summary_large_image\" \/>\n<meta name=\"twitter:label1\" content=\"Tiempo de lectura\" \/>\n\t<meta name=\"twitter:data1\" content=\"3 minutos\" \/>\n<script type=\"application\/ld+json\" class=\"yoast-schema-graph\">{\"@context\":\"https:\/\/schema.org\",\"@graph\":[{\"@type\":\"WebPage\",\"@id\":\"https:\/\/monarkaconsortium.com\/es\/politica-privacitat\/\",\"url\":\"https:\/\/monarkaconsortium.com\/es\/politica-privacitat\/\",\"name\":\"Av\u00eds legal i Pol\u00edtica de privacitat - Monarka Consortium\",\"isPartOf\":{\"@id\":\"https:\/\/monarkaconsortium.com\/#website\"},\"datePublished\":\"2023-10-19T15:06:24+00:00\",\"dateModified\":\"2024-04-18T16:49:55+00:00\",\"breadcrumb\":{\"@id\":\"https:\/\/monarkaconsortium.com\/es\/politica-privacitat\/#breadcrumb\"},\"inLanguage\":\"es\",\"potentialAction\":[{\"@type\":\"ReadAction\",\"target\":[\"https:\/\/monarkaconsortium.com\/es\/politica-privacitat\/\"]}]},{\"@type\":\"BreadcrumbList\",\"@id\":\"https:\/\/monarkaconsortium.com\/es\/politica-privacitat\/#breadcrumb\",\"itemListElement\":[{\"@type\":\"ListItem\",\"position\":1,\"name\":\"Portada\",\"item\":\"https:\/\/monarkaconsortium.com\/es\/\"},{\"@type\":\"ListItem\",\"position\":2,\"name\":\"Av\u00eds legal i Pol\u00edtica de privacitat\"}]},{\"@type\":\"WebSite\",\"@id\":\"https:\/\/monarkaconsortium.com\/#website\",\"url\":\"https:\/\/monarkaconsortium.com\/\",\"name\":\"Grup Monarca\",\"description\":\"Construccions i reformes integrals\",\"publisher\":{\"@id\":\"https:\/\/monarkaconsortium.com\/#organization\"},\"potentialAction\":[{\"@type\":\"SearchAction\",\"target\":{\"@type\":\"EntryPoint\",\"urlTemplate\":\"https:\/\/monarkaconsortium.com\/?s={search_term_string}\"},\"query-input\":{\"@type\":\"PropertyValueSpecification\",\"valueRequired\":true,\"valueName\":\"search_term_string\"}}],\"inLanguage\":\"es\"},{\"@type\":\"Organization\",\"@id\":\"https:\/\/monarkaconsortium.com\/#organization\",\"name\":\"Grup Monarca, Construccions i Reformes Integrals\",\"url\":\"https:\/\/monarkaconsortium.com\/\",\"logo\":{\"@type\":\"ImageObject\",\"inLanguage\":\"es\",\"@id\":\"https:\/\/monarkaconsortium.com\/#\/schema\/logo\/image\/\",\"url\":\"https:\/\/monarkaconsortium.com\/wp-content\/uploads\/2023\/10\/logo-grup-monarca-web.jpg\",\"contentUrl\":\"https:\/\/monarkaconsortium.com\/wp-content\/uploads\/2023\/10\/logo-grup-monarca-web.jpg\",\"width\":600,\"height\":615,\"caption\":\"Grup Monarca, Construccions i Reformes Integrals\"},\"image\":{\"@id\":\"https:\/\/monarkaconsortium.com\/#\/schema\/logo\/image\/\"}}]}<\/script>\n<!-- \/ Yoast SEO plugin. -->","yoast_head_json":{"title":"Av\u00eds legal i Pol\u00edtica de privacitat - Monarka Consortium","robots":{"index":"index","follow":"follow","max-snippet":"max-snippet:-1","max-image-preview":"max-image-preview:large","max-video-preview":"max-video-preview:-1"},"canonical":"https:\/\/monarkaconsortium.com\/es\/politica-privacitat\/","og_locale":"es_ES","og_type":"article","og_title":"Av\u00eds legal i Pol\u00edtica de privacitat - Monarka Consortium","og_url":"https:\/\/monarkaconsortium.com\/es\/politica-privacitat\/","og_site_name":"Monarka Consortium","article_modified_time":"2024-04-18T16:49:55+00:00","twitter_card":"summary_large_image","twitter_misc":{"Tiempo de lectura":"3 minutos"},"schema":{"@context":"https:\/\/schema.org","@graph":[{"@type":"WebPage","@id":"https:\/\/monarkaconsortium.com\/es\/politica-privacitat\/","url":"https:\/\/monarkaconsortium.com\/es\/politica-privacitat\/","name":"Av\u00eds legal i Pol\u00edtica de privacitat - Monarka Consortium","isPartOf":{"@id":"https:\/\/monarkaconsortium.com\/#website"},"datePublished":"2023-10-19T15:06:24+00:00","dateModified":"2024-04-18T16:49:55+00:00","breadcrumb":{"@id":"https:\/\/monarkaconsortium.com\/es\/politica-privacitat\/#breadcrumb"},"inLanguage":"es","potentialAction":[{"@type":"ReadAction","target":["https:\/\/monarkaconsortium.com\/es\/politica-privacitat\/"]}]},{"@type":"BreadcrumbList","@id":"https:\/\/monarkaconsortium.com\/es\/politica-privacitat\/#breadcrumb","itemListElement":[{"@type":"ListItem","position":1,"name":"Portada","item":"https:\/\/monarkaconsortium.com\/es\/"},{"@type":"ListItem","position":2,"name":"Av\u00eds legal i Pol\u00edtica de privacitat"}]},{"@type":"WebSite","@id":"https:\/\/monarkaconsortium.com\/#website","url":"https:\/\/monarkaconsortium.com\/","name":"Grup Monarca","description":"Construccions i reformes integrals","publisher":{"@id":"https:\/\/monarkaconsortium.com\/#organization"},"potentialAction":[{"@type":"SearchAction","target":{"@type":"EntryPoint","urlTemplate":"https:\/\/monarkaconsortium.com\/?s={search_term_string}"},"query-input":{"@type":"PropertyValueSpecification","valueRequired":true,"valueName":"search_term_string"}}],"inLanguage":"es"},{"@type":"Organization","@id":"https:\/\/monarkaconsortium.com\/#organization","name":"Grup Monarca, Construccions i Reformes Integrals","url":"https:\/\/monarkaconsortium.com\/","logo":{"@type":"ImageObject","inLanguage":"es","@id":"https:\/\/monarkaconsortium.com\/#\/schema\/logo\/image\/","url":"https:\/\/monarkaconsortium.com\/wp-content\/uploads\/2023\/10\/logo-grup-monarca-web.jpg","contentUrl":"https:\/\/monarkaconsortium.com\/wp-content\/uploads\/2023\/10\/logo-grup-monarca-web.jpg","width":600,"height":615,"caption":"Grup Monarca, Construccions i Reformes Integrals"},"image":{"@id":"https:\/\/monarkaconsortium.com\/#\/schema\/logo\/image\/"}}]}},"_links":{"self":[{"href":"https:\/\/monarkaconsortium.com\/es\/wp-json\/wp\/v2\/pages\/5794","targetHints":{"allow":["GET"]}}],"collection":[{"href":"https:\/\/monarkaconsortium.com\/es\/wp-json\/wp\/v2\/pages"}],"about":[{"href":"https:\/\/monarkaconsortium.com\/es\/wp-json\/wp\/v2\/types\/page"}],"author":[{"embeddable":true,"href":"https:\/\/monarkaconsortium.com\/es\/wp-json\/wp\/v2\/users\/1"}],"replies":[{"embeddable":true,"href":"https:\/\/monarkaconsortium.com\/es\/wp-json\/wp\/v2\/comments?post=5794"}],"version-history":[{"count":5,"href":"https:\/\/monarkaconsortium.com\/es\/wp-json\/wp\/v2\/pages\/5794\/revisions"}],"predecessor-version":[{"id":6209,"href":"https:\/\/monarkaconsortium.com\/es\/wp-json\/wp\/v2\/pages\/5794\/revisions\/6209"}],"wp:attachment":[{"href":"https:\/\/monarkaconsortium.com\/es\/wp-json\/wp\/v2\/media?parent=5794"}],"curies":[{"name":"wp","href":"https:\/\/api.w.org\/{rel}","templated":true}]}}